{"id":14,"date":"2023-07-07T18:25:30","date_gmt":"2023-07-07T21:25:30","guid":{"rendered":"https:\/\/joiassilva.com\/?page_id=14"},"modified":"2025-06-10T16:06:24","modified_gmt":"2025-06-10T19:06:24","slug":"homepage","status":"publish","type":"page","link":"https:\/\/joiassilva.com\/","title":{"rendered":"Homepage"},"content":{"rendered":"\t\t<div data-elementor-type=\"wp-page\" data-elementor-id=\"14\" class=\"elementor elementor-14\" data-elementor-post-type=\"page\">\n\t\t\t\t\t\t<section class=\"elementor-section elementor-top-section elementor-element elementor-element-17723fc9 elementor-section-height-min-height elementor-section-boxed elementor-section-height-default elementor-section-items-middle\" data-id=\"17723fc9\" data-element_type=\"section\" data-settings=\"{&quot;background_background&quot;:&quot;classic&quot;}\">\n\t\t\t\t\t\t\t<div class=\"elementor-background-overlay\"><\/div>\n\t\t\t\t\t\t\t<div class=\"elementor-container elementor-column-gap-default\">\n\t\t\t\t\t<div class=\"elementor-column elementor-col-100 elementor-top-column elementor-element elementor-element-8afe65e\" data-id=\"8afe65e\" data-element_type=\"column\">\n\t\t\t<div class=\"elementor-widget-wrap elementor-element-populated\">\n\t\t\t\t\t\t<div class=\"elementor-element elementor-element-9e364a0 elementor-widget elementor-widget-image\" data-id=\"9e364a0\" data-element_type=\"widget\" data-widget_type=\"image.default\">\n\t\t\t\t<div class=\"elementor-widget-container\">\n\t\t\t\t\t\t\t\t\t\t\t\t\t\t\t<img fetchpriority=\"high\" decoding=\"async\" width=\"728\" height=\"890\" src=\"https:\/\/joiassilva.com\/wp-content\/uploads\/2023\/07\/Logo.png\" class=\"attachment-full size-full wp-image-66\" alt=\"\" srcset=\"https:\/\/joiassilva.com\/wp-content\/uploads\/2023\/07\/Logo.png 728w, https:\/\/joiassilva.com\/wp-content\/uploads\/2023\/07\/Logo-245x300.png 245w\" sizes=\"(max-width: 728px) 100vw, 728px\" \/>\t\t\t\t\t\t\t\t\t\t\t\t\t\t\t<\/div>\n\t\t\t\t<\/div>\n\t\t\t\t<div class=\"elementor-element elementor-element-9289706 elementor-widget elementor-widget-heading\" data-id=\"9289706\" data-element_type=\"widget\" data-widget_type=\"heading.default\">\n\t\t\t\t<div class=\"elementor-widget-container\">\n\t\t\t\t\t<h1 class=\"elementor-heading-title elementor-size-default\">Troque j\u00f3ias<br>por dinheiro!<\/h1>\t\t\t\t<\/div>\n\t\t\t\t<\/div>\n\t\t\t\t<div class=\"elementor-element elementor-element-f81ba94 elementor-widget__width-initial elementor-widget elementor-widget-text-editor\" data-id=\"f81ba94\" data-element_type=\"widget\" data-widget_type=\"text-editor.default\">\n\t\t\t\t<div class=\"elementor-widget-container\">\n\t\t\t\t\t\t\t\t\t<p class=\"font_9 wixui-rich-text__text\">Compramos j\u00f3ias quebradas, usadas ou alian\u00e7as em ouro.<br \/>Efetuamos a avalia\u00e7\u00e3o e pagamento a vista na hora. Venha fazer sua avalia\u00e7\u00e3o conosco.<\/p>\t\t\t\t\t\t\t\t<\/div>\n\t\t\t\t<\/div>\n\t\t\t\t<div class=\"elementor-element elementor-element-811a84a elementor-mobile-align-center elementor-align-left elementor-widget elementor-widget-button\" data-id=\"811a84a\" data-element_type=\"widget\" data-widget_type=\"button.default\">\n\t\t\t\t<div class=\"elementor-widget-container\">\n\t\t\t\t\t\t\t\t\t<div class=\"elementor-button-wrapper\">\n\t\t\t\t\t<a class=\"elementor-button elementor-button-link elementor-size-lg\" href=\"https:\/\/wa.me\/5561985429016\">\n\t\t\t\t\t\t<span class=\"elementor-button-content-wrapper\">\n\t\t\t\t\t\t<span class=\"elementor-button-icon\">\n\t\t\t\t<i aria-hidden=\"true\" class=\"fab fa-whatsapp\"><\/i>\t\t\t<\/span>\n\t\t\t\t\t\t\t\t\t<span class=\"elementor-button-text\">Fale Conosco<\/span>\n\t\t\t\t\t<\/span>\n\t\t\t\t\t<\/a>\n\t\t\t\t<\/div>\n\t\t\t\t\t\t\t\t<\/div>\n\t\t\t\t<\/div>\n\t\t\t\t\t<\/div>\n\t\t<\/div>\n\t\t\t\t\t<\/div>\n\t\t<\/section>\n\t\t\t\t<section class=\"elementor-section elementor-top-section elementor-element elementor-element-4ebfcc1c elementor-section-full_width elementor-section-height-default elementor-section-height-default\" data-id=\"4ebfcc1c\" data-element_type=\"section\" id=\"next\" data-settings=\"{&quot;background_background&quot;:&quot;classic&quot;}\">\n\t\t\t\t\t\t<div class=\"elementor-container elementor-column-gap-no\">\n\t\t\t\t\t<div class=\"elementor-column elementor-col-50 elementor-top-column elementor-element elementor-element-1b261cf3\" data-id=\"1b261cf3\" data-element_type=\"column\">\n\t\t\t<div class=\"elementor-widget-wrap elementor-element-populated\">\n\t\t\t\t\t\t<div class=\"elementor-element elementor-element-90ffb4d elementor-widget elementor-widget-heading\" data-id=\"90ffb4d\" data-element_type=\"widget\" data-widget_type=\"heading.default\">\n\t\t\t\t<div class=\"elementor-widget-container\">\n\t\t\t\t\t<h1 class=\"elementor-heading-title elementor-size-default\">Oferta + R$25<\/h1>\t\t\t\t<\/div>\n\t\t\t\t<\/div>\n\t\t\t\t<div class=\"elementor-element elementor-element-884774b elementor-widget__width-initial elementor-widget elementor-widget-text-editor\" data-id=\"884774b\" data-element_type=\"widget\" data-widget_type=\"text-editor.default\">\n\t\t\t\t<div class=\"elementor-widget-container\">\n\t\t\t\t\t\t\t\t\t<p class=\"font_9 wixui-rich-text__text\">Traga seu ouro e ganhe + R$25 em dinheiro(PIX) por seus custos de deslocamento (combust\u00edvel, \u00f4nibus, metr\u00f4 e etc.)\u00a0<br \/><br \/>*V\u00e1lido somente para vendas a partir de 10 gramas de ouro<br \/>**Por tempo limitado!<\/p>\t\t\t\t\t\t\t\t<\/div>\n\t\t\t\t<\/div>\n\t\t\t\t\t<\/div>\n\t\t<\/div>\n\t\t\t\t<div class=\"elementor-column elementor-col-50 elementor-top-column elementor-element elementor-element-571943d\" data-id=\"571943d\" data-element_type=\"column\">\n\t\t\t<div class=\"elementor-widget-wrap elementor-element-populated\">\n\t\t\t\t\t\t<div class=\"elementor-element elementor-element-6aeb20c elementor-widget__width-initial elementor-widget elementor-widget-image\" data-id=\"6aeb20c\" data-element_type=\"widget\" data-widget_type=\"image.default\">\n\t\t\t\t<div class=\"elementor-widget-container\">\n\t\t\t\t\t\t\t\t\t\t\t\t\t\t\t<img decoding=\"async\" width=\"1100\" height=\"716\" src=\"https:\/\/joiassilva.com\/wp-content\/uploads\/2023\/07\/22222.png\" class=\"attachment-full size-full wp-image-43\" alt=\"\" srcset=\"https:\/\/joiassilva.com\/wp-content\/uploads\/2023\/07\/22222.png 1100w, https:\/\/joiassilva.com\/wp-content\/uploads\/2023\/07\/22222-300x195.png 300w, https:\/\/joiassilva.com\/wp-content\/uploads\/2023\/07\/22222-1024x667.png 1024w, https:\/\/joiassilva.com\/wp-content\/uploads\/2023\/07\/22222-768x500.png 768w\" sizes=\"(max-width: 1100px) 100vw, 1100px\" \/>\t\t\t\t\t\t\t\t\t\t\t\t\t\t\t<\/div>\n\t\t\t\t<\/div>\n\t\t\t\t\t<\/div>\n\t\t<\/div>\n\t\t\t\t\t<\/div>\n\t\t<\/section>\n\t\t\t\t<section class=\"elementor-section elementor-top-section elementor-element elementor-element-37d511b elementor-section-full_width elementor-section-height-default elementor-section-height-default\" data-id=\"37d511b\" data-element_type=\"section\" data-settings=\"{&quot;background_background&quot;:&quot;classic&quot;}\">\n\t\t\t\t\t\t<div class=\"elementor-container elementor-column-gap-default\">\n\t\t\t\t\t<div class=\"elementor-column elementor-col-100 elementor-top-column elementor-element elementor-element-d28d3d9\" data-id=\"d28d3d9\" data-element_type=\"column\">\n\t\t\t<div class=\"elementor-widget-wrap elementor-element-populated\">\n\t\t\t\t\t\t<div class=\"elementor-element elementor-element-d7dd4f1 elementor-widget elementor-widget-google_maps\" data-id=\"d7dd4f1\" data-element_type=\"widget\" data-widget_type=\"google_maps.default\">\n\t\t\t\t<div class=\"elementor-widget-container\">\n\t\t\t\t\t\t\t<div class=\"elementor-custom-embed\">\n\t\t\t<iframe loading=\"lazy\"\n\t\t\t\t\tsrc=\"https:\/\/maps.google.com\/maps?q=Cnb%2007%20Lt.%2007%20Lj.%2001%2C%20Taguatinga%20Norte%2C%20Bras%C3%ADlia%20-%20DF%2C%2072115-925&#038;t=m&#038;z=16&#038;output=embed&#038;iwloc=near\"\n\t\t\t\t\ttitle=\"Cnb 07 Lt. 07 Lj. 01, Taguatinga Norte, Bras\u00edlia - DF, 72115-925\"\n\t\t\t\t\taria-label=\"Cnb 07 Lt. 07 Lj. 01, Taguatinga Norte, Bras\u00edlia - DF, 72115-925\"\n\t\t\t><\/iframe>\n\t\t<\/div>\n\t\t\t\t\t\t<\/div>\n\t\t\t\t<\/div>\n\t\t\t\t\t<\/div>\n\t\t<\/div>\n\t\t\t\t\t<\/div>\n\t\t<\/section>\n\t\t\t\t<section class=\"elementor-section elementor-top-section elementor-element elementor-element-4d230628 elementor-section-full_width elementor-section-content-middle elementor-section-height-default elementor-section-height-default\" data-id=\"4d230628\" data-element_type=\"section\" data-settings=\"{&quot;background_background&quot;:&quot;classic&quot;}\">\n\t\t\t\t\t\t<div class=\"elementor-container elementor-column-gap-no\">\n\t\t\t\t\t<div class=\"elementor-column elementor-col-50 elementor-top-column elementor-element elementor-element-bfad2fb\" data-id=\"bfad2fb\" data-element_type=\"column\">\n\t\t\t<div class=\"elementor-widget-wrap elementor-element-populated\">\n\t\t\t\t\t\t<div class=\"elementor-element elementor-element-644df29 elementor-widget elementor-widget-image\" data-id=\"644df29\" data-element_type=\"widget\" data-widget_type=\"image.default\">\n\t\t\t\t<div class=\"elementor-widget-container\">\n\t\t\t\t\t\t\t\t\t\t\t\t\t\t\t<img decoding=\"async\" width=\"1660\" height=\"618\" src=\"https:\/\/joiassilva.com\/wp-content\/uploads\/2023\/07\/Logo-Land.png\" class=\"attachment-full size-full wp-image-71\" alt=\"\" srcset=\"https:\/\/joiassilva.com\/wp-content\/uploads\/2023\/07\/Logo-Land.png 1660w, https:\/\/joiassilva.com\/wp-content\/uploads\/2023\/07\/Logo-Land-300x112.png 300w, https:\/\/joiassilva.com\/wp-content\/uploads\/2023\/07\/Logo-Land-1024x381.png 1024w, https:\/\/joiassilva.com\/wp-content\/uploads\/2023\/07\/Logo-Land-768x286.png 768w, https:\/\/joiassilva.com\/wp-content\/uploads\/2023\/07\/Logo-Land-1536x572.png 1536w\" sizes=\"(max-width: 1660px) 100vw, 1660px\" \/>\t\t\t\t\t\t\t\t\t\t\t\t\t\t\t<\/div>\n\t\t\t\t<\/div>\n\t\t\t\t\t<\/div>\n\t\t<\/div>\n\t\t\t\t<div class=\"elementor-column elementor-col-50 elementor-top-column elementor-element elementor-element-22370fcc\" data-id=\"22370fcc\" data-element_type=\"column\">\n\t\t\t<div class=\"elementor-widget-wrap elementor-element-populated\">\n\t\t\t\t\t\t<div class=\"elementor-element elementor-element-df2cd97 elementor-mobile-align-center elementor-align-right elementor-widget elementor-widget-button\" data-id=\"df2cd97\" data-element_type=\"widget\" data-widget_type=\"button.default\">\n\t\t\t\t<div class=\"elementor-widget-container\">\n\t\t\t\t\t\t\t\t\t<div class=\"elementor-button-wrapper\">\n\t\t\t\t\t<a class=\"elementor-button elementor-button-link elementor-size-lg\" href=\"https:\/\/wa.me\/5561985429016\">\n\t\t\t\t\t\t<span class=\"elementor-button-content-wrapper\">\n\t\t\t\t\t\t<span class=\"elementor-button-icon\">\n\t\t\t\t<i aria-hidden=\"true\" class=\"fab fa-whatsapp\"><\/i>\t\t\t<\/span>\n\t\t\t\t\t\t\t\t\t<span class=\"elementor-button-text\">Fale Conosco<\/span>\n\t\t\t\t\t<\/span>\n\t\t\t\t\t<\/a>\n\t\t\t\t<\/div>\n\t\t\t\t\t\t\t\t<\/div>\n\t\t\t\t<\/div>\n\t\t\t\t\t<\/div>\n\t\t<\/div>\n\t\t\t\t\t<\/div>\n\t\t<\/section>\n\t\t\t\t<\/div>\n\t\t","protected":false},"excerpt":{"rendered":"<p>Troque j\u00f3iaspor dinheiro! Compramos j\u00f3ias quebradas, usadas ou alian\u00e7as em ouro.Efetuamos a avalia\u00e7\u00e3o e pagamento a vista na hora. Venha fazer sua avalia\u00e7\u00e3o conosco. Fale Conosco Oferta + R$25 Traga seu ouro e ganhe + R$25 em dinheiro(PIX) por seus custos de deslocamento (combust\u00edvel, \u00f4nibus, metr\u00f4 e etc.)\u00a0 *V\u00e1lido somente para vendas a partir de [&hellip;]<\/p>\n","protected":false},"author":1,"featured_media":0,"parent":0,"menu_order":0,"comment_status":"closed","ping_status":"closed","template":"elementor_canvas","meta":{"footnotes":""},"class_list":["post-14","page","type-page","status-publish","hentry"],"_links":{"self":[{"href":"https:\/\/joiassilva.com\/index.php\/wp-json\/wp\/v2\/pages\/14","targetHints":{"allow":["GET"]}}],"collection":[{"href":"https:\/\/joiassilva.com\/index.php\/wp-json\/wp\/v2\/pages"}],"about":[{"href":"https:\/\/joiassilva.com\/index.php\/wp-json\/wp\/v2\/types\/page"}],"author":[{"embeddable":true,"href":"https:\/\/joiassilva.com\/index.php\/wp-json\/wp\/v2\/users\/1"}],"replies":[{"embeddable":true,"href":"https:\/\/joiassilva.com\/index.php\/wp-json\/wp\/v2\/comments?post=14"}],"version-history":[{"count":61,"href":"https:\/\/joiassilva.com\/index.php\/wp-json\/wp\/v2\/pages\/14\/revisions"}],"predecessor-version":[{"id":104,"href":"https:\/\/joiassilva.com\/index.php\/wp-json\/wp\/v2\/pages\/14\/revisions\/104"}],"wp:attachment":[{"href":"https:\/\/joiassilva.com\/index.php\/wp-json\/wp\/v2\/media?parent=14"}],"curies":[{"name":"wp","href":"https:\/\/api.w.org\/{rel}","templated":true}]}}